{"id":259,"date":"2014-08-30T04:25:50","date_gmt":"2014-08-30T03:25:50","guid":{"rendered":"http:\/\/projets.thibaulthagenbourger.fr\/MakeYourDreamPossible\/?page_id=259"},"modified":"2014-12-07T11:53:44","modified_gmt":"2014-12-07T16:53:44","slug":"restaurants","status":"publish","type":"page","link":"https:\/\/projets.thibaulthagenbourger.fr\/MakeYourDreamPossible\/?page_id=259","title":{"rendered":"Restaurants"},"content":{"rendered":"<p style=\"padding-left: 30px;\"><strong>&#8211; Havana 1957<\/strong> :\u00a0<a href=\"http:\/\/havana1957.com\" target=\"_blank\">http:\/\/havana1957.com<\/a><br \/>\nJ&rsquo;ai \u00e9t\u00e9 dans celui sur Espa\u00f1ola Way (existe aussi sur Lincoln Road), El Pollo frigo Cuba y Mojito. :\u00a0<a href=\"http:\/\/havana1957.com\/espanola-way\/\" target=\"_blank\">http:\/\/havana1957.com\/espanola-way\/<\/a>\u00a0Bon mais incroyablement cher.<\/p>\n<p style=\"padding-left: 30px;\"><strong>&#8211; El Chal\u00e1n On the Beach<\/strong> : Nourriture P\u00e9ruvienne, Am\u00e9rique Latine.<br \/>\n<a href=\"https:\/\/plus.google.com\/108201667126332948075\/about?gl=US&amp;nopromo=1\" target=\"_blank\">https:\/\/plus.google.com\/108201667126332948075\/about?gl=US&amp;nopromo=1<\/a><br \/>\nLe menu <a href=\"http:\/\/www.viewmenu.com\/el-chaln-2\/menu?ref=google\" target=\"_blank\">ici<\/a> :\u00a0<a href=\"http:\/\/www.viewmenu.com\/el-chaln-2\/menu?ref=google\" target=\"_blank\">http:\/\/www.viewmenu.com\/el-chaln-2\/menu?ref=google<\/a><br \/>\nPas tr\u00e8s cher et excellent. J&rsquo;ai pris un\u00a0<strong>\u00ab\u00a0Lomo Saltado\u00a0\u00bb<\/strong>\u00a0une sp\u00e9cialit\u00e9 P\u00e9ruvienne.<\/p>\n<p style=\"padding-left: 30px;\"><strong>&#8211; Mambo Cafe<\/strong> : Sur Bayside dans le downtown de Miami.<br \/>\n<a href=\"http:\/\/mambocafemiami.com\" target=\"_blank\">http:\/\/mambocafemiami.com<\/a><\/p>\n<p style=\"padding-left: 30px;\"><strong>&#8211; Five Guys<\/strong> : Fast food sur Washington Avenue et la 15th. Leurs Hot Dogs au bacon sont tr\u00e8s bons et c&rsquo;est\u00a0pas\u00a0cher.<br \/>\n<a href=\"http:\/\/www.fiveguys.com\" target=\"_blank\">http:\/\/www.fiveguys.com<\/a><\/p>\n<p style=\"padding-left: 30px;\"><strong>&#8211;\u00a0<strong>Caribbean caf\u00e9<\/strong><span style=\"color: rgba(0, 0, 0, 0.8);\">\u00a0:\u00a0<\/span><\/strong><span style=\"color: rgba(0, 0, 0, 0.8);\">j<\/span><span style=\"color: rgba(0, 0, 0, 0.8);\">uste \u00e0 c\u00f4t\u00e9 de l&rsquo;hypermarch\u00e9 Wal-Mart de North Miami Beach \u00a0dans un joli centre commercial sous l&rsquo;enseigne \u00ab\u00a0Marshall\u00a0\u00bb. C&rsquo;\u00e9tait simple, rapide et tr\u00e8s bon, id\u00e9al pour une petite fringale.<br \/>\n<a href=\"https:\/\/plus.google.com\/108183786099546590812\/about?hl=fr\" target=\"_blank\">https:\/\/plus.google.com\/108183786099546590812\/about?hl=fr<\/a><br \/>\n<\/span><\/p>\n<p style=\"padding-left: 30px;\"><strong>&#8211; PAUL :<\/strong> Sur Lincoln Road et Drexel Avenue. Paul Bakery est un petit restau Fran\u00e7ais tr\u00e8s\u00a0bon, salades et sandwichs (d\u00e9jeuner), croissants (petits d\u00e9jeuner), pain Fran\u00e7ais (traditionnelle baguette). Les plats sont bons et les prix assez corrects.<br \/>\n<a href=\"http:\/\/www.paul-usa.com\/shop\/en-US\/Shop\/PAUL-Lincoln-Road_313\" target=\"_blank\">http:\/\/www.paul-usa.com\/shop\/en-US\/Shop\/PAUL-Lincoln-Road_313<\/a><br \/>\nEmplacement :\u00a0<a href=\"https:\/\/www.google.com\/maps\/@25.790632,-80.133173,3a,75y,149.34h,71.37t\/data=!3m4!1e1!3m2!1sfI2JZ-oocWi7l3EYxaQVXg!2e0\" target=\"_blank\">http:\/\/goo.gl\/RybEz0<\/a><\/p>\n<p style=\"padding-left: 30px;\"><strong>&#8211; Alma Mexicana<\/strong>\u00a0: Restaurant Mexicain au\u00a0<span style=\"color: #222222;\">1344 Washington Ave, Miami Beach, FL 33139. Pas trop cher et super bon. J&rsquo;ai pris des enchiladas au poulet. Retrouvez le menu <span style=\"text-decoration: underline;\"><a href=\"http:\/\/southflorida.menupages.com\/restaurants\/alma-mexicana\/menu\" target=\"_blank\">ici<\/a>.<\/span><\/span><br \/>\nLocalisation :\u00a0<a href=\"https:\/\/www.google.com\/maps\/@25.78504,-80.132088,3a,75y,280.39h,89.14t\/data=!3m4!1e1!3m2!1sXylZH5IfcLvrQj_P-1ByMQ!2e0\" target=\"_blank\">http:\/\/goo.gl\/xXoaxs<\/a><\/p>\n<p style=\"padding-left: 30px;\"><strong>&#8211; Taco Rico Miami Beach<\/strong> : Restaurant Mexicain pas cher et excellent, 1608 Alton Road Miami Beach, FL 33139. Plats go\u00fbt\u00e9s :\u00a01 Baja Bowl au poulet, Grilled Steack Burrito. Retrouvez les menus ici :\u00a0<a href=\"http:\/\/tacoricomiami.com\/menu\/\">http:\/\/tacoricomiami.com\/menu\/<\/a><br \/>\nSite du restaurant :\u00a0<a href=\"http:\/\/tacoricomiami.com\">http:\/\/tacoricomiami.com<\/a><\/p>\n<p style=\"padding-left: 30px;\"><strong>&#8211; Monty&rsquo;s sunset<\/strong> : Petit restaurant\/bar avec piscine au bord de la Marina de Miami Beach, aux premi\u00e8res loges pour voir de magnifiques couch\u00e9s de soleil. Il ferme assez t\u00f4t le soir, vers 22h.<br \/>\nLes nachos sont tr\u00e8s bons avec un suppl\u00e9ment de poulet et leurs boissons sont tr\u00e8s bonnes aussi m\u00eame si les prix sont un peu \u00e9lev\u00e9s.<br \/>\nBoisson : Lait + Pomme + orange + \u00a01, 2 ou 3 shoots de rhum.<br \/>\nSite du restaurant :\u00a0<a href=\"http:\/\/www.montyssobe.com\">http:\/\/www.montyssobe.com<br \/>\n<\/a>Menu :\u00a0<a href=\"http:\/\/www.montyssobe.com\/menu\">http:\/\/www.montyssobe.com\/menu<\/a><\/p>\n<p style=\"padding-left: 30px;\"><strong>&#8211; Huahua&rsquo;s Tequeria<\/strong>\u00a0: Slingin&rsquo; Tacos &amp; Servin&rsquo; Smiles, 1211 Lincoln Road, Miami Beach, FL 33139. Restaurant Mexicain, leurs burritos au poulet grill\u00e9 sont excellents et c&rsquo;est pas cher.<br \/>\nSite du restaurant :\u00a0<a href=\"http:\/\/huahuastaco.com\">http:\/\/huahuastaco.com<br \/>\n<\/a>Localisation :\u00a0<a href=\"https:\/\/www.google.com\/maps\/place\/Huahua's+Taqueria\/@25.79048,-80.141614,17z\/data=!3m1!4b1!4m2!3m1!1s0x88d9b48795ce7467:0xf74da29d9596883b\">http:\/\/goo.gl\/jcIGk1<\/a><\/p>\n<p style=\"padding-left: 30px;\"><strong>&#8211; The Caf\u00e9 at Books and Books<\/strong> : 933 Lincoln Road, Miami Beach FL 33139.<br \/>\nBBQ Chicken Quesadillas. C&rsquo;est bon, les prix sont mod\u00e9r\u00e9s, les assiettes sont bien garnies.<br \/>\nMenu :\u00a0<a href=\"http:\/\/www.urbanspoon.com\/cities\/12-miami\/restaurants\/150942-the-cafe-at-books-books\/menu\">http:\/\/www.urbanspoon.com\/cities\/12-miami\/restaurants\/150942-the-cafe-at-books-books\/menu<br \/>\n<\/a>Localisation :\u00a0<a href=\"https:\/\/www.google.com\/maps\/place\/The+Caf\u00e9+at+Books+%26+Books\/@25.790746,-80.13834,17z\/data=!3m1!4b1!4m2!3m1!1s0x0:0x987bc41cd9c72744\">http:\/\/goo.gl\/D6sPfX<\/a><\/p>\n<p style=\"padding-left: 30px;\">&#8211; <strong>La Sandwicherie<\/strong> : Endroit sympa sur la 14th pas loin de la plage, tenu par des Fran\u00e7ais.<br \/>\nSite du restaurant :\u00a0<a href=\"http:\/\/www.lasandwicherie.com\/sobe\/menu.html\" target=\"_blank\">http:\/\/www.lasandwicherie.com\/sobe\/menu.html<\/a><\/p>\n<p style=\"padding-left: 30px;\"><strong>&#8211; Pizza Rustica<\/strong> : 667 Lincoln Road. Pizzas, Paninis, Salades,&#8230;<br \/>\nC&rsquo;est bon et rapide pour des prix corrects.<br \/>\nSite du restaurant :\u00a0<a href=\"http:\/\/pizza-rustica.com\/\" target=\"_blank\">http:\/\/pizza-rustica.com\/<\/a><\/p>\n<p style=\"padding-left: 30px;\">&#8211; <strong>La\u00a0<\/strong><span style=\"color: rgba(0, 0, 0, 0.8);\"><strong>\u00a0Granja<\/strong> : 1710 Lincoln Road, moins de $10 le demi poulet, entre autre, c&rsquo;est le top. Cuisine sud-Am\u00e9ricaine.<br \/>\nSite du restaurant :\u00a0<a href=\"http:\/\/www.lagranjarestaurants.com\/locations.php\" target=\"_blank\">http:\/\/www.lagranjarestaurants.com\/locations.php<\/a><\/span><\/p>\n<p style=\"padding-left: 30px;\"><strong>&#8211; Pura Vida<\/strong> : Smoothie &#8211; Juice Bar &amp; Health Food Caf\u00e9; 110 Washington Ave CU1 (1st &amp; Washington), Miami Beach, FL 33139<br \/>\nSite : <a href=\"http:\/\/www.puravidamiamibeach.com\" target=\"_blank\">puravidamiami.com<\/a><br \/>\nMenu :\u00a0<a href=\"http:\/\/www.puravidamiamibeach.com\/menu.pdf\" target=\"_blank\">http:\/\/www.puravidamiamibeach.com\/menu.pdf<\/a><\/p>\n<p style=\"padding-left: 30px;\"><strong>&#8211; Taste Bakery Caf\u00e9<\/strong> :\u00a0<span style=\"color: #333333;\">1686 Jefferson Ave.<\/span><span style=\"color: #7e362c;\"><b>\u00a0<\/b><\/span><span style=\"color: #333333;\">Miami Beach, FL 33139<\/span><br \/>\nSuper bon !<br \/>\nSite :\u00a0<a href=\"http:\/\/www.taste-bakery.com\" target=\"_blank\">http:\/\/www.taste-bakery.com<\/a><\/p>\n<p style=\"padding-left: 30px;\"><strong>&#8211; 100 Montaditos\u00a0<\/strong>:\u00a0<span style=\"color: #222222;\">551 Lincoln Rd, Miami Beach, FL 33139 | \/!\\ L&rsquo;eau est payante<\/span><br \/>\nMenu :\u00a0<a href=\"http:\/\/www.urbanspoon.com\/cities\/12\/restaurants\/1679131\/menu_photos\/271123\" target=\"_blank\">http:\/\/www.urbanspoon.com\/cities\/12\/restaurants\/1679131\/menu_photos\/271123<\/a><\/p>\n<p style=\"padding-left: 30px;\"><strong>&#8211;\u00a0Otentic Fresh Food Restaurant\u00a0<\/strong>:\u00a0538 Washington Ave, Miami Beach, FL 33139<br \/>\nSite du restaurant :\u00a0<a href=\"http:\/\/www.otenticrestaurant.com\/index.php?_url=\" target=\"_blank\">http:\/\/www.otenticrestaurant.com\/index.php?_url=<\/a><\/p>\n<p style=\"padding-left: 30px;\">&#8211; <strong>Mindbomb<\/strong> : Bar dans le quartier de Wynwood, 2751 N.Miami Ave &#8211; Miami, FL 33127<br \/>\nLocalisation :\u00a0<a href=\"http:\/\/goo.gl\/bixeCY\" target=\"_blank\">http:\/\/goo.gl\/bixeCY<\/a><\/p>\n<p style=\"padding-left: 30px;\">&#8211;\u00a0<strong>Lombardi&rsquo;s Ristorante-Miami<\/strong>\u00a0: 401 Biscayne Blvd,Miami, FL 33132<br \/>\nLocalisation :\u00a0<a href=\"https:\/\/goo.gl\/maps\/H3mq6\" target=\"_blank\">https:\/\/goo.gl\/maps\/H3mq6<\/a><\/p>\n<p style=\"padding-left: 30px;\">&#8211; <b>Rosinella &#8211; Italian Trattoria\u00a0<\/b>\u00a0: 525 Lincoln Road, \u00a0Miami Beach, FL 33139<br \/>\nSite Internet : <a href=\"http:\/\/www.rosinella.net\" target=\"_blank\">www.rosinella.net<br \/>\n<\/a>Localisation :<a href=\"https:\/\/goo.gl\/maps\/E306v\" target=\"_blank\">\u00a0https:\/\/goo.gl\/maps\/E306v<\/a><\/p>\n<p style=\"padding-left: 30px;\">&#8211;\u00a0<b>Pollo Tropical\u00a0<\/b>\u00a0: 17084 Collins Avenue, Sunny Isles Beach, FL 33160 (le m\u00eame \u00e0 Dowtown)<br \/>\nSite Internet :<a href=\"http:\/\/pollotropical.com\/location\/sunny-isles-beach\/pt71\/\" target=\"_blank\">\u00a0http:\/\/pollotropical.com\/location\/sunny-isles-beach\/pt71\/<\/a><a href=\"http:\/\/www.rosinella.net\" target=\"_blank\"><br \/>\n<\/a>Localisation :\u00a0<a href=\"https:\/\/goo.gl\/maps\/3qNRw\" target=\"_blank\">https:\/\/goo.gl\/maps\/3qNRw<\/a><\/p>\n<p style=\"padding-left: 30px;\">&#8211;<span style=\"color: #339966;\"><strong>\u00a0Pride and Joy<\/strong><b>\u00a0<\/b><\/span>\u00a0:\u00a028000 N. Miami Ave, Miami FL 33127 (305-456-9548)<br \/>\nLiens Internet : <a href=\"http:\/\/www.yelp.com\/biz\/pride-and-joy-bbq-miami\" target=\"_blank\">Yelp<\/a>\u00a0ou <a href=\"https:\/\/www.facebook.com\/PrideAndJoyBBQ\/info?tab=overview\" target=\"_blank\">Facebook<\/a>\u00a0ou <a href=\"https:\/\/twitter.com\/prideandjoybbq\" target=\"_blank\">Twitter<\/a><br \/>\nLocalisation :\u00a0<a href=\"https:\/\/goo.gl\/maps\/69UJy\" target=\"_blank\">https:\/\/goo.gl\/maps\/69UJy<\/a><\/p>\n<p style=\"padding-left: 30px;\"><span style=\"color: #ff6600;\"><strong>&#8211; South Beach Munchies :\u00a0324 Lincoln Rd\u00a0<span style=\"font-style: inherit;\">Miami Beach<\/span>,\u00a0<span style=\"font-style: inherit;\">FL<\/span>\u00a0<span style=\"font-style: inherit;\">33139 &#8211; Caf\u00e9 con letche y colada : $<br \/>\nLien Yelp :\u00a0<a href=\"http:\/\/www.yelp.com\/biz\/south-beach-munchies-miami-beach\" target=\"_blank\">http:\/\/www.yelp.com\/biz\/south-beach-munchies-miami-beach<\/a><\/span><\/strong><\/span><\/p>\n<p style=\"padding-left: 30px;\">&#8211; <strong>Freshii<\/strong> :\u00a0<strong>Wynwood\u00a0<\/strong>2300NW 2nd Avenue Miami, Florida 33127<br \/>\nLien :\u00a0<a href=\"https:\/\/www.freshii.com\/us\/locations\" target=\"_blank\">https:\/\/www.freshii.com\/us\/locations<\/a><\/p>\n<p style=\"padding-left: 30px;\">&#8211; <span style=\"color: #ff0000;\"><strong>Yardbird Southern Table &amp; Bar :<\/strong>\u00a0The must!!!<\/span><br \/>\nLien :\u00a0<a href=\"http:\/\/www.runchickenrun.com\/\" target=\"_blank\">http:\/\/www.runchickenrun.com\/<br \/>\n<\/a>Lieu :\u00a0<a href=\"http:\/\/www.runchickenrun.com\/contact\/\" target=\"_blank\">http:\/\/www.runchickenrun.com\/contact\/<\/a><\/p>\n","protected":false},"excerpt":{"rendered":"<p>&#8211; Havana 1957 :\u00a0http:\/\/havana1957.com J&rsquo;ai \u00e9t\u00e9 dans celui sur Espa\u00f1ola Way (existe aussi sur Lincoln Road), El Pollo frigo Cuba y Mojito. :\u00a0http:\/\/havana1957.com\/espanola-way\/\u00a0Bon mais incroyablement cher. &#8211; El Chal\u00e1n On the Beach : Nourriture P\u00e9ruvienne, Am\u00e9rique Latine. https:\/\/plus.google.com\/108201667126332948075\/about?gl=US&amp;nopromo=1 Le menu ici :\u00a0http:\/\/www.viewmenu.com\/el-chaln-2\/menu?ref=google Pas tr\u00e8s cher et excellent. J&rsquo;ai pris un\u00a0\u00ab\u00a0Lomo Saltado\u00a0\u00bb\u00a0une sp\u00e9cialit\u00e9 P\u00e9ruvienne. &#8211; Mambo &#8230; <span class=\"more\"><a class=\"more-link\" href=\"https:\/\/projets.thibaulthagenbourger.fr\/MakeYourDreamPossible\/?page_id=259\">[Read more&#8230;]<\/a><\/span><\/p>\n","protected":false},"author":1,"featured_media":0,"parent":0,"menu_order":0,"comment_status":"closed","ping_status":"closed","template":"","meta":{"footnotes":""},"class_list":["entry","page","publish","author-admin_tib2014","post-259"],"_links":{"self":[{"href":"https:\/\/projets.thibaulthagenbourger.fr\/MakeYourDreamPossible\/index.php?rest_route=\/wp\/v2\/pages\/259","targetHints":{"allow":["GET"]}}],"collection":[{"href":"https:\/\/projets.thibaulthagenbourger.fr\/MakeYourDreamPossible\/index.php?rest_route=\/wp\/v2\/pages"}],"about":[{"href":"https:\/\/projets.thibaulthagenbourger.fr\/MakeYourDreamPossible\/index.php?rest_route=\/wp\/v2\/types\/page"}],"author":[{"embeddable":true,"href":"https:\/\/projets.thibaulthagenbourger.fr\/MakeYourDreamPossible\/index.php?rest_route=\/wp\/v2\/users\/1"}],"replies":[{"embeddable":true,"href":"https:\/\/projets.thibaulthagenbourger.fr\/MakeYourDreamPossible\/index.php?rest_route=%2Fwp%2Fv2%2Fcomments&post=259"}],"version-history":[{"count":48,"href":"https:\/\/projets.thibaulthagenbourger.fr\/MakeYourDreamPossible\/index.php?rest_route=\/wp\/v2\/pages\/259\/revisions"}],"predecessor-version":[{"id":779,"href":"https:\/\/projets.thibaulthagenbourger.fr\/MakeYourDreamPossible\/index.php?rest_route=\/wp\/v2\/pages\/259\/revisions\/779"}],"wp:attachment":[{"href":"https:\/\/projets.thibaulthagenbourger.fr\/MakeYourDreamPossible\/index.php?rest_route=%2Fwp%2Fv2%2Fmedia&parent=259"}],"curies":[{"name":"wp","href":"https:\/\/api.w.org\/{rel}","templated":true}]}}