{"id":268,"date":"2014-08-30T04:29:15","date_gmt":"2014-08-30T03:29:15","guid":{"rendered":"http:\/\/projets.thibaulthagenbourger.fr\/MakeYourDreamPossible\/?page_id=268"},"modified":"2014-10-27T21:30:14","modified_gmt":"2014-10-28T01:30:14","slug":"lieux","status":"publish","type":"page","link":"https:\/\/projets.thibaulthagenbourger.fr\/MakeYourDreamPossible\/?page_id=268","title":{"rendered":"Lieux"},"content":{"rendered":"<ol>\n<li><span style=\"color: #808080;\"><strong>South Beach Art Deco<\/strong><\/span> : le quartier avec l&rsquo;architecture Art Deco, des h\u00f4tels, b\u00e2timents et magasins en tout genre.<\/li>\n<li><span style=\"color: #808080;\"><strong>Lumus Park<\/strong><\/span> : de la 5th \u00e0 la 15th longeant la plage et Ocean Drive. \u00c9quipements de sport, terrains de volley, etc.<\/li>\n<li><span style=\"color: #808080;\"><strong>Beach Walk<\/strong><\/span> : chemin qui traverse Lumus park est qui continu jusqu&rsquo;\u00e0 Indian Beach Park tout au nord de Miami Beach.<\/li>\n<li><span style=\"color: #808080;\"><strong>Lincoln Road<\/strong><\/span> : rue commer\u00e7ante pi\u00e9tonne, on trouve tout ce que l&rsquo;on veut.<\/li>\n<li><span style=\"color: #808080;\"><strong>Ocean Drive<\/strong><\/span> : avenue du bling-bling, sortie des \u00ab\u00a0m&rsquo;as-tu vu\/show off\u00a0\u00bb, h\u00f4tels et voitures de luxe \u00e0 deux pas de Lumus Park et de la plage.<\/li>\n<li><span style=\"color: #808080;\"><strong>South Pointe Pier Park<\/strong><\/span> : le point le plus au sud de Miami Beach. Le parc est superbe et se coucher dans l&rsquo;herbe un soir de pleine lune avec vu sur le large est un vrai bonheur.<\/li>\n<li><span style=\"color: #808080;\"><strong>Downtown et Bayside<\/strong><\/span><\/li>\n<li><span style=\"color: #808080;\"><strong>Port Miami<\/strong><\/span><\/li>\n<li><span style=\"color: #808080;\"><strong>Disney Store<\/strong><\/span><\/li>\n<li><span style=\"color: #808080;\"><strong>Hard Rock Cafe<\/strong><\/span><\/li>\n<li><span style=\"color: #808080;\"><strong>Metromover<\/strong><\/span><\/li>\n<li><span style=\"color: #808080;\"><strong>Metro Dade Cultural Center (Downtown Miami)<\/strong><\/span><\/li>\n<li><span style=\"color: #808080;\"><strong>Sunny Isles et Sunny Isles Beach<\/strong><\/span><\/li>\n<li><span style=\"color: #808080;\"><strong>A<\/strong><strong>tlantic Isle<\/strong> : <span style=\"color: #000000;\">Petit \u00eelot de maisons luxueuses sur la baie de Miami en face de la plage de Sunny Isles.<\/span><\/span><\/li>\n<li><span style=\"color: #808080;\"><strong>Collins Avenue<\/strong>\u00a0<span style=\"color: #000000;\">: Avenue remplie d&rsquo;immense h\u00f4tels de luxe.<\/span><\/span><\/li>\n<li><span style=\"color: #808080;\"><strong>Clevelander<\/strong> <\/span><a href=\"http:\/\/www.clevelander.com\">http:\/\/www.clevelander.com<\/a>\u00a0: Bo\u00eete de nuit ouverte en plein air au pied de l&rsquo;h\u00f4tel, entr\u00e9e gratuite.<\/li>\n<li><strong><span style=\"color: #808080;\">South Beach sous la 5th<\/span> <\/strong>: Espace de la ville o\u00f9 restaurants de luxe et grattes-ciel d&rsquo;habitation\/h\u00f4tel r\u00e8gnent en ma\u00eetre. C&rsquo;est un peu l&rsquo;endroit des gens plus riches que le nord de Miami Beach.<\/li>\n<li><span style=\"color: #808080;\"><strong>Oleta River State Park<\/strong> <\/span>: R\u00e9serve nationale et parcours de trails en VTT<\/li>\n<li><strong><span style=\"color: #808080;\">Wynwood<\/span><\/strong> : quartier des artistes de Miami<\/li>\n<li><span style=\"color: #999999;\"><strong>Margaret Pace Park<\/strong><\/span> : Entre la baie et e quartier de Wynwood, Miami<\/li>\n<\/ol>\n","protected":false},"excerpt":{"rendered":"<p>South Beach Art Deco : le quartier avec l&rsquo;architecture Art Deco, des h\u00f4tels, b\u00e2timents et magasins en tout genre. Lumus Park : de la 5th \u00e0 la 15th longeant la plage et Ocean Drive. \u00c9quipements de sport, terrains de volley, etc. Beach Walk : chemin qui traverse Lumus park est qui continu jusqu&rsquo;\u00e0 Indian Beach &#8230; <span class=\"more\"><a class=\"more-link\" href=\"https:\/\/projets.thibaulthagenbourger.fr\/MakeYourDreamPossible\/?page_id=268\">[Read more&#8230;]<\/a><\/span><\/p>\n","protected":false},"author":1,"featured_media":0,"parent":0,"menu_order":0,"comment_status":"closed","ping_status":"closed","template":"","meta":{"footnotes":""},"class_list":["entry","page","publish","author-admin_tib2014","post-268"],"_links":{"self":[{"href":"https:\/\/projets.thibaulthagenbourger.fr\/MakeYourDreamPossible\/index.php?rest_route=\/wp\/v2\/pages\/268","targetHints":{"allow":["GET"]}}],"collection":[{"href":"https:\/\/projets.thibaulthagenbourger.fr\/MakeYourDreamPossible\/index.php?rest_route=\/wp\/v2\/pages"}],"about":[{"href":"https:\/\/projets.thibaulthagenbourger.fr\/MakeYourDreamPossible\/index.php?rest_route=\/wp\/v2\/types\/page"}],"author":[{"embeddable":true,"href":"https:\/\/projets.thibaulthagenbourger.fr\/MakeYourDreamPossible\/index.php?rest_route=\/wp\/v2\/users\/1"}],"replies":[{"embeddable":true,"href":"https:\/\/projets.thibaulthagenbourger.fr\/MakeYourDreamPossible\/index.php?rest_route=%2Fwp%2Fv2%2Fcomments&post=268"}],"version-history":[{"count":14,"href":"https:\/\/projets.thibaulthagenbourger.fr\/MakeYourDreamPossible\/index.php?rest_route=\/wp\/v2\/pages\/268\/revisions"}],"predecessor-version":[{"id":494,"href":"https:\/\/projets.thibaulthagenbourger.fr\/MakeYourDreamPossible\/index.php?rest_route=\/wp\/v2\/pages\/268\/revisions\/494"}],"wp:attachment":[{"href":"https:\/\/projets.thibaulthagenbourger.fr\/MakeYourDreamPossible\/index.php?rest_route=%2Fwp%2Fv2%2Fmedia&parent=268"}],"curies":[{"name":"wp","href":"https:\/\/api.w.org\/{rel}","templated":true}]}}